{"id":3,"date":"2025-04-02T14:20:28","date_gmt":"2025-04-02T14:20:28","guid":{"rendered":"https:\/\/participe.stspmp.com\/?page_id=3"},"modified":"2025-04-14T23:19:30","modified_gmt":"2025-04-14T23:19:30","slug":"politica-de-privacidade","status":"publish","type":"page","link":"https:\/\/participe.stspmp.com\/index.php\/politica-de-privacidade\/","title":{"rendered":"Pol\u00edtica de Privacidade"},"content":{"rendered":"\n<h2 class=\"wp-block-heading\">O endere\u00e7o do nosso site \u00e9: <a href=\"https:\/\/stspmp.com\/\">https:\/\/stspmp.com\/<\/a><\/h2>\n\n\n\n<p>Seus dados s\u00e3o importantes e n\u00f3s fazemos tudo que podemos para proteg\u00ea-los e us\u00e1-los de acordo com o consentimento que voc\u00ea nos d\u00e1 ao fornec\u00ea-los. Para isso buscamos deixar claro aqui quais dados coletamos e o que fazemos com eles. Sendo assim, quando voc\u00ea usa o nosso site assumimos que est\u00e1 de acordo com os termos expressados aqui.<\/p>\n\n\n\n<p>Se voc\u00ea tiver menos de 16 anos, por favor, pe\u00e7a o consentimento de uma pessoa legalmente respons\u00e1vel por voc\u00ea antes de colocar suas informa\u00e7\u00f5es pessoais neste site. Caso tenhamos motivos para acreditar que algu\u00e9m \u00e9 menor de idade e que coletamos suas informa\u00e7\u00f5es pessoais sem o consentimento adequado, deletaremos tais informa\u00e7\u00f5es em um per\u00edodo de tempo razo\u00e1vel.<\/p>\n\n\n\n<p>Podemos atualizar essa pol\u00edtica periodicamente. Quando isso for feito, incluiremos um aviso no nosso site destacando o que foi alterado. O seu uso continuado do site ap\u00f3s a postagem das altera\u00e7\u00f5es significar\u00e1 que voc\u00ea aceitou e concordou com as altera\u00e7\u00f5es.<\/p>\n\n\n\n<h3 class=\"wp-block-heading\">Para qu\u00ea coletamos dados e como s\u00e3o usados?<\/h3>\n\n\n\n<p>Acreditamos que pol\u00edtica se faz com participa\u00e7\u00e3o e mobiliza\u00e7\u00e3o. E para isso precisamos da boas ferramentas de comunica\u00e7\u00e3o. \u00c9 isso que buscamos atrav\u00e9s da coleta de dados. Podemos citar ent\u00e3o os seguintes prop\u00f3sitos gerais e, dentro deles, alguns mais espec\u00edficos:<\/p>\n\n\n\n<p>1. Divulga\u00e7\u00e3o e mobiliza\u00e7\u00e3o.<\/p>\n\n\n\n<ul class=\"wp-block-list\">\n<li>Entrar em contato por e-mail ou telefone para divulgar nossas a\u00e7\u00f5es.<\/li>\n\n\n\n<li>Enviar materiais pelo correio.<\/li>\n\n\n\n<li>Buscar melhorias na efetividade de nossas campanhas.<\/li>\n<\/ul>\n\n\n\n<p>2. Monitoramento e aprimoramento do site.<\/p>\n\n\n\n<ul class=\"wp-block-list\">\n<li>Saber quais p\u00e1ginas s\u00e3o mais visitadas e atrav\u00e9s de quais tipos de navegadores e dispositivos.<\/li>\n\n\n\n<li>Proteger de ataques e melhorar a seguran\u00e7a das ferramentas utilizadas.<\/li>\n<\/ul>\n\n\n\n<p>3. Melhoria da nossa atua\u00e7\u00e3o em redes sociais.<\/p>\n\n\n\n<ul class=\"wp-block-list\">\n<li>Poder direcionar conte\u00fados nas redes sociais para p\u00fablicos que demostraram interesse pelo assunto.<\/li>\n<\/ul>\n\n\n\n<p>No caso de abaixo-assinados e peti\u00e7\u00f5es, tendo em vista que tratam do recolhimento de assinaturas para pressionar algu\u00e9m, consideramos que as informa\u00e7\u00f5es dos campos nome, estado e cidade s\u00e3o p\u00fablicas. Isso permite, por exemplo, que imprimamos e entreguemos uma lista de assinaturas ao alvo da a\u00e7\u00e3o.<\/p>\n\n\n\n<p>Alguns formul\u00e1rios podem pedir explicitamente sua autoriza\u00e7\u00e3o para que usemos seus dados para algo espec\u00edfico, por exemplo:<\/p>\n\n\n\n<ul class=\"wp-block-list\">\n<li>Mandar e-mails e mensagens para o seu celular divulgando nossas a\u00e7\u00f5es.<\/li>\n\n\n\n<li>Colocar seu endere\u00e7o aproximado em um mapa, representando um comit\u00ea dom\u00e9stico.<\/li>\n<\/ul>\n\n\n\n<h3 class=\"wp-block-heading\">Quais dados coletamos e como?<\/h3>\n\n\n\n<p>H\u00e1 duas formas usadas para coletar os dados:<\/p>\n\n\n\n<p>1. Manual: quando voc\u00ea explicitamente fornece dados preenchendo formul\u00e1rios em nosso site.<\/p>\n\n\n\n<p>2. Autom\u00e1tica: quando os dados s\u00e3o coletados diretamente do seu navegador ou conex\u00e3o.<\/p>\n\n\n\n<ul class=\"wp-block-list\">\n<li>Quando voc\u00ea navega no nosso site ele automaticamente coleta informa\u00e7\u00f5es sobre:\n<ul class=\"wp-block-list\">\n<li>as p\u00e1ginas acessadas por voc\u00ea neste site<\/li>\n\n\n\n<li>seu IP<\/li>\n\n\n\n<li>dados da requisi\u00e7\u00e3o (HTTP referer)<\/li>\n\n\n\n<li>dados do navegador e dispositivo<\/li>\n<\/ul>\n<\/li>\n\n\n\n<li>Usamos cookies do Google Analytics, Twitter e do Facebook para que possamos utilizar servi\u00e7os deles, o que tamb\u00e9m permite que eles coletem dados sobre voc\u00ea, segundo suas pr\u00f3prias pol\u00edticas de privacidade (listadas mais abaixo).<\/li>\n\n\n\n<li>Os e-mails que enviamos tamb\u00e9m usam rastreadores de abertura e de links, para que saibamos se eles est\u00e3o sendo lidos e quais links est\u00e3o sendo mais acessados.<\/li>\n<\/ul>\n\n\n\n<h3 class=\"wp-block-heading\">Cookies<\/h3>\n\n\n\n<p>A coleta autom\u00e1tica de dados utiliza os seguintes cookies:<\/p>\n\n\n\n<ul class=\"wp-block-list\">\n<li>Repassados ao nosso pr\u00f3prio site:\n<ul class=\"wp-block-list\">\n<li>evlt: nosso pr\u00f3prio sistema de monitoramento do site.<\/li>\n\n\n\n<li>_ga, _gid, _gat: Google Analytics.<\/li>\n\n\n\n<li>_fbp: Facebook.<\/li>\n<\/ul>\n<\/li>\n\n\n\n<li>Repassados a outros sites (\u201cterceiros\u201d):\n<ul class=\"wp-block-list\">\n<li>evt: monitoramento atrav\u00e9s dos sites da nossa rede.<\/li>\n\n\n\n<li>fr: Facebook.<\/li>\n\n\n\n<li>muc, guest_id, personalization_id: Twitter.<\/li>\n<\/ul>\n<\/li>\n<\/ul>\n\n\n\n<h3 class=\"wp-block-heading\">Com quem compartilhamos seus dados?<\/h3>\n\n\n\n<p>Utilizamos os seguintes servi\u00e7os, cada um com sua pr\u00f3pria pol\u00edtica de privacidade:<\/p>\n\n\n\n<ul class=\"wp-block-list\">\n<li><a href=\"https:\/\/policies.google.com\/privacy?hl=pt-BR&amp;utm_source=raulmarcelo.com.br&amp;utm_medium=referral&amp;utm_campaign=tracking\">Google Analytics<\/a>: monitoramento e an\u00e1lise do acesso ao site.<\/li>\n\n\n\n<li><a href=\"https:\/\/pt-br.facebook.com\/about\/privacy\/?utm_source=raulmarcelo.com.br&amp;utm_medium=referral&amp;utm_campaign=tracking\">Facebook Pixel<\/a>: segmenta\u00e7\u00e3o de p\u00fablico no envio de conte\u00fados pelo Facebook.<\/li>\n\n\n\n<li><a href=\"https:\/\/twitter.com\/pt\/privacy?utm_source=raulmarcelo.com.br&amp;utm_medium=referral&amp;utm_campaign=tracking\">Twitter<\/a>: segmenta\u00e7\u00e3o de p\u00fablico no envio de conte\u00fados pelo Twitter.<\/li>\n\n\n\n<li><a href=\"https:\/\/mailchimp.com\/legal\/privacy\/?utm_source=raulmarcelo.com.br&amp;utm_medium=referral&amp;utm_campaign=tracking\">Mailchimp<\/a>: envio de e-mails e gerenciamento de listas de contatos.<\/li>\n\n\n\n<li><a href=\"https:\/\/www.mailgun.com\/privacy-policy\/?utm_source=raulmarcelo.com.br&amp;utm_medium=referral&amp;utm_campaign=tracking\">Mailgun<\/a>: envio de e-mails.<\/li>\n\n\n\n<li><a href=\"https:\/\/aws.amazon.com\/ses\/?utm_source=raulmarcelo.com.br&amp;utm_medium=referral&amp;utm_campaign=tracking\">Amazon SES<\/a>: envio de e-mails.<\/li>\n<\/ul>\n\n\n\n<h3 class=\"wp-block-heading\">Seguran\u00e7a<\/h3>\n\n\n\n<p>Fazemos todo o poss\u00edvel para proteger suas informa\u00e7\u00f5es pessoais contra perda ou usos indevidos. Mas, infelizmente, nenhum sistema de transmiss\u00e3o ou armazenamento de dados \u00e9 totalmente seguro. Deste modo, n\u00e3o h\u00e1 como garantir a absoluta seguran\u00e7a dos dados. A utiliza\u00e7\u00e3o de nosso site nessas condi\u00e7\u00f5es \u00e9 uma decis\u00e3o pessoal.<\/p>\n\n\n\n<h3 class=\"wp-block-heading\">Por quanto tempo armazenamos os dados?<\/h3>\n\n\n\n<p>Pretendemos armazenar os dados coletados enquanto avaliarmos que eles podem nos ajudar nos objetivos descritos anteriormente. Mas, caso voc\u00ea deseje que deletemos suas informa\u00e7\u00f5es, por favor, entre em contato conosco.<\/p>\n\n\n\n<h3 class=\"wp-block-heading\">Contato<\/h3>\n\n\n\n<p>Qualquer d\u00favida ou pedido, por favor, entre em contato pelo nosso whatsapp: <a href=\"https:\/\/api.whatsapp.com\/send?phone=551938742179\">+55 (19) 3874-2179<\/a>&nbsp;..<\/p>\n","protected":false},"excerpt":{"rendered":"<p>O endere\u00e7o do nosso site \u00e9: https:\/\/stspmp.com\/ Seus dados s\u00e3o importantes e n\u00f3s fazemos tudo que podemos para proteg\u00ea-los e us\u00e1-los de acordo com o consentimento que voc\u00ea nos d\u00e1 ao fornec\u00ea-los. Para isso buscamos deixar claro aqui quais dados coletamos e o que fazemos com eles. Sendo assim, quando voc\u00ea usa o nosso site [&hellip;]<\/p>\n","protected":false},"author":1,"featured_media":0,"parent":0,"menu_order":0,"comment_status":"closed","ping_status":"open","template":"","meta":{"_acf_changed":false,"footnotes":""},"class_list":["post-3","page","type-page","status-publish","hentry"],"acf":[],"_links":{"self":[{"href":"https:\/\/participe.stspmp.com\/index.php\/wp-json\/wp\/v2\/pages\/3","targetHints":{"allow":["GET"]}}],"collection":[{"href":"https:\/\/participe.stspmp.com\/index.php\/wp-json\/wp\/v2\/pages"}],"about":[{"href":"https:\/\/participe.stspmp.com\/index.php\/wp-json\/wp\/v2\/types\/page"}],"author":[{"embeddable":true,"href":"https:\/\/participe.stspmp.com\/index.php\/wp-json\/wp\/v2\/users\/1"}],"replies":[{"embeddable":true,"href":"https:\/\/participe.stspmp.com\/index.php\/wp-json\/wp\/v2\/comments?post=3"}],"version-history":[{"count":1,"href":"https:\/\/participe.stspmp.com\/index.php\/wp-json\/wp\/v2\/pages\/3\/revisions"}],"predecessor-version":[{"id":17,"href":"https:\/\/participe.stspmp.com\/index.php\/wp-json\/wp\/v2\/pages\/3\/revisions\/17"}],"wp:attachment":[{"href":"https:\/\/participe.stspmp.com\/index.php\/wp-json\/wp\/v2\/media?parent=3"}],"curies":[{"name":"wp","href":"https:\/\/api.w.org\/{rel}","templated":true}]}}